{"id":12,"date":"2018-01-08T19:18:01","date_gmt":"2018-01-08T18:18:01","guid":{"rendered":"https:\/\/wordpress.salms.ch\/?page_id=12"},"modified":"2023-01-20T21:36:59","modified_gmt":"2023-01-20T20:36:59","slug":"kartensammlung","status":"publish","type":"page","link":"https:\/\/salms.ch\/?page_id=12","title":{"rendered":"Kartensammlung"},"content":{"rendered":"\n<p><span style=\"font-size: 12pt;\">Mit der Zeit werde ich meine ganze Sammlung abbilden. Sobald ich freie Kapazit\u00e4ten habe publiziere ich laufend neue.<\/span><\/p>\n\n\n\n<p><span style=\"font-size: 12pt;\">Zum Anschauen&nbsp;meiner B\u00fccher m\u00fcsst Ihr die unten stehende Album-Nummer z.B. A01 im Shop-Suchfeld eingeben. Jedes Album hat i<span style=\"color: #000000;\">m Endausbau 20<\/span> Seiten \u00e0 max. 10 Taxcard. F\u00fcr einzelne Seiten kann noch die Seitenzahl angeh\u00e4ngt werden, Album 01, Seite 02 = A0102.<\/span><\/p>\n\n\n\n<p><span style=\"font-size: 12pt;\">Ich w\u00e4re&nbsp;auch bereit, meine ganze Sammlung (inkl. Lager) zu einem angemessenen Preis zu verkaufen. <\/span><\/p>\n\n\n\n<figure class=\"wp-block-table alignwide\"><table><tbody><tr><td><span style=\"font-family: tahoma, arial, helvetica, sans-serif; font-size: 12pt;\">AT<\/span><\/td><td><span style=\"font-family: tahoma, arial, helvetica, sans-serif; font-size: 12pt;\">\u00d6sterreich<\/span><\/td><td><span style=\"font-family: tahoma, arial, helvetica, sans-serif; font-size: 12pt;\">taxcard<\/span><\/td><td><span style=\"font-family: tahoma, arial, helvetica, sans-serif; font-size: 12pt;\">A15<\/span><\/td><\/tr><tr><td><span style=\"font-family: tahoma, arial, helvetica, sans-serif; font-size: 12pt;\">CH<\/span><\/td><td><span style=\"font-family: tahoma, arial, helvetica, sans-serif; font-size: 12pt;\">Schweiz<\/span><\/td><td><span style=\"font-family: tahoma, arial, helvetica, sans-serif; font-size: 12pt;\">taxcard<\/span><\/td><td><span style=\"font-family: tahoma, arial, helvetica, sans-serif; font-size: 12pt;\">A01, A04, A06<\/span><\/td><\/tr><tr><td><span style=\"font-family: tahoma, arial, helvetica, sans-serif; font-size: 12pt;\">&nbsp;<\/span><\/td><td><span style=\"font-family: tahoma, arial, helvetica, sans-serif; font-size: 12pt;\">&nbsp;<\/span><\/td><td><span style=\"font-family: tahoma, arial, helvetica, sans-serif; font-size: 12pt;\">phonecard<\/span><\/td><td><span style=\"font-family: tahoma, arial, helvetica, sans-serif; font-size: 12pt;\">A10, A12, A21<\/span><\/td><\/tr><tr><td><span style=\"font-family: tahoma, arial, helvetica, sans-serif; font-size: 12pt;\">DE<\/span><\/td><td><span style=\"font-family: tahoma, arial, helvetica, sans-serif; font-size: 12pt;\">Deutschland<\/span><\/td><td><span style=\"font-family: tahoma, arial, helvetica, sans-serif; font-size: 12pt;\">diverse<\/span><\/td><td><span style=\"font-family: tahoma, arial, helvetica, sans-serif; font-size: 12pt;\">A11<\/span><\/td><\/tr><tr><td><span style=\"font-family: tahoma, arial, helvetica, sans-serif; font-size: 12pt;\">FL<\/span><\/td><td><span style=\"font-family: tahoma, arial, helvetica, sans-serif; font-size: 12pt;\">Lichtenstein<\/span><\/td><td><span style=\"font-family: tahoma, arial, helvetica, sans-serif; font-size: 12pt;\">diverse<\/span><\/td><td><span style=\"font-family: tahoma, arial, helvetica, sans-serif; font-size: 12pt;\">A15<\/span><\/td><\/tr><tr><td><span style=\"font-family: tahoma, arial, helvetica, sans-serif; font-size: 12pt;\">FR<\/span><\/td><td><span style=\"font-family: tahoma, arial, helvetica, sans-serif; font-size: 12pt;\">Frankreich<\/span><\/td><td><span style=\"font-family: tahoma, arial, helvetica, sans-serif; font-size: 12pt;\">diverse<\/span><\/td><td><span style=\"font-family: tahoma, arial, helvetica, sans-serif; font-size: 12pt;\">A07, A22<\/span><\/td><\/tr><tr><td><span style=\"font-family: tahoma, arial, helvetica, sans-serif; font-size: 12pt;\">GR<\/span><\/td><td><span style=\"font-family: tahoma, arial, helvetica, sans-serif; font-size: 12pt;\">Griechenland<\/span><\/td><td><span style=\"font-family: tahoma, arial, helvetica, sans-serif; font-size: 12pt;\">diverse<\/span><\/td><td><span style=\"font-family: tahoma, arial, helvetica, sans-serif; font-size: 12pt;\">A19, A24<\/span><\/td><\/tr><tr><td><span style=\"font-family: tahoma, arial, helvetica, sans-serif; font-size: 12pt;\">HR<\/span><\/td><td><span style=\"font-family: tahoma, arial, helvetica, sans-serif; font-size: 12pt;\">Kroatien<\/span><\/td><td><span style=\"font-family: tahoma, arial, helvetica, sans-serif; font-size: 12pt;\">diverse<\/span><\/td><td><span style=\"font-family: tahoma, arial, helvetica, sans-serif; font-size: 12pt;\">A13<\/span><\/td><\/tr><tr><td><span style=\"font-family: tahoma, arial, helvetica, sans-serif; font-size: 12pt;\">HU<\/span><\/td><td><span style=\"font-family: tahoma, arial, helvetica, sans-serif; font-size: 12pt;\">Ungarn<\/span><\/td><td><span style=\"font-family: tahoma, arial, helvetica, sans-serif; font-size: 12pt;\">diverse<\/span><\/td><td><span style=\"font-family: tahoma, arial, helvetica, sans-serif; font-size: 12pt;\">A23<\/span><\/td><\/tr><tr><td><span style=\"font-family: tahoma, arial, helvetica, sans-serif; font-size: 12pt;\">IT<\/span><\/td><td><span style=\"font-family: tahoma, arial, helvetica, sans-serif; font-size: 12pt;\">Italien<\/span><\/td><td><span style=\"font-family: tahoma, arial, helvetica, sans-serif; font-size: 12pt;\">diverse<\/span><\/td><td><span style=\"font-family: tahoma, arial, helvetica, sans-serif; font-size: 12pt;\">A09<\/span><\/td><\/tr><tr><td><span style=\"font-family: tahoma, arial, helvetica, sans-serif; font-size: 12pt;\">NL<\/span><\/td><td><span style=\"font-family: tahoma, arial, helvetica, sans-serif; font-size: 12pt;\">Niederlande<\/span><\/td><td><span style=\"font-family: tahoma, arial, helvetica, sans-serif; font-size: 12pt;\">diverse<\/span><\/td><td><span style=\"font-family: tahoma, arial, helvetica, sans-serif; font-size: 12pt;\">A14, A18<\/span><\/td><\/tr><tr><td><span style=\"font-family: tahoma, arial, helvetica, sans-serif; font-size: 12pt;\">&#8211;<\/span><\/td><td><span style=\"font-family: tahoma, arial, helvetica, sans-serif; font-size: 12pt;\">Welt<\/span><\/td><td><span style=\"font-family: tahoma, arial, helvetica, sans-serif; font-size: 12pt;\">diverse<\/span><\/td><td><span style=\"font-family: tahoma, arial, helvetica, sans-serif; font-size: 12pt;\">A02, A05, A08<br>A20, A25<\/span>, A26<\/td><\/tr><tr><td><span style=\"font-family: tahoma, arial, helvetica, sans-serif; font-size: 12pt;\">&#8211;<\/span><\/td><td><span style=\"font-family: tahoma, arial, helvetica, sans-serif; font-size: 12pt;\">Karten allg.<\/span><\/td><td><span style=\"font-family: tahoma, arial, helvetica, sans-serif; font-size: 12pt;\">diverse<\/span><\/td><td><span style=\"font-family: tahoma, arial, helvetica, sans-serif; font-size: 12pt;\">A03<\/span><\/td><\/tr><\/tbody><\/table><\/figure>\n\n\n\n<p><span style=\"font-size: 12pt;\">Entdecken Sie einen Beschreibungs-Fehler, bin ich Ihnen um eine R\u00fcckmeldung mit dem Formular &#8222;Anfrage&#8220; sehr dankbar.<\/span><\/p>\n","protected":false},"excerpt":{"rendered":"<p>Mit der Zeit werde ich meine ganze Sammlung abbilden. Sobald ich freie Kapazit\u00e4ten habe publiziere ich laufend neue. Zum Anschauen&nbsp;meiner B\u00fccher m\u00fcsst Ihr die unten stehende Album-Nummer z.B. A01 im Shop-Suchfeld eingeben. Jedes Album hat im Endausbau 20 Seiten \u00e0 max. 10 Taxcard. F\u00fcr einzelne Seiten kann noch die Seitenzahl angeh\u00e4ngt werden, Album 01, Seite [&hellip;]<\/p>\n","protected":false},"author":2,"featured_media":0,"parent":0,"menu_order":2,"comment_status":"closed","ping_status":"closed","template":"","meta":{"footnotes":""},"class_list":["post-12","page","type-page","status-publish","hentry"],"_links":{"self":[{"href":"https:\/\/salms.ch\/index.php?rest_route=\/wp\/v2\/pages\/12","targetHints":{"allow":["GET"]}}],"collection":[{"href":"https:\/\/salms.ch\/index.php?rest_route=\/wp\/v2\/pages"}],"about":[{"href":"https:\/\/salms.ch\/index.php?rest_route=\/wp\/v2\/types\/page"}],"author":[{"embeddable":true,"href":"https:\/\/salms.ch\/index.php?rest_route=\/wp\/v2\/users\/2"}],"replies":[{"embeddable":true,"href":"https:\/\/salms.ch\/index.php?rest_route=%2Fwp%2Fv2%2Fcomments&post=12"}],"version-history":[{"count":6,"href":"https:\/\/salms.ch\/index.php?rest_route=\/wp\/v2\/pages\/12\/revisions"}],"predecessor-version":[{"id":17039,"href":"https:\/\/salms.ch\/index.php?rest_route=\/wp\/v2\/pages\/12\/revisions\/17039"}],"wp:attachment":[{"href":"https:\/\/salms.ch\/index.php?rest_route=%2Fwp%2Fv2%2Fmedia&parent=12"}],"curies":[{"name":"wp","href":"https:\/\/api.w.org\/{rel}","templated":true}]}}