{"id":13276,"date":"2022-11-24T19:19:52","date_gmt":"2022-11-24T18:19:52","guid":{"rendered":"https:\/\/wordpress.salms.ch\/?product=kleine-bettlekture-fur-alle-deren-herz-fur-die-eisenbahn-schlagt"},"modified":"2024-01-28T15:23:25","modified_gmt":"2024-01-28T14:23:25","slug":"kleine-bettlekture-fur-alle-deren-herz-fur-die-eisenbahn-schlagt","status":"publish","type":"product","link":"https:\/\/salms.ch\/?product=kleine-bettlekture-fur-alle-deren-herz-fur-die-eisenbahn-schlagt","title":{"rendered":"Kleine Bettlekt\u00fcre f\u00fcr alle deren Herz f\u00fcr die Eisenbahn schl\u00e4gt"},"content":{"rendered":"<p><span style=\"font-size: 12pt;\">Kleine Bettlekt\u00fcre f\u00fcr alle deren Herz f\u00fcr die Eisenbahn schl\u00e4gt<br \/>\n&#8211; Helene Daphinoff, Eisenbahnbuch, 157 Seiten<\/span><span style=\"font-size: 12pt;\"><br \/>\n&#8211;\u00a0Scherz Verlag Bern, ISBN 3-502-39301-X<\/span><\/p>\n","protected":false},"excerpt":{"rendered":"<p>100234 \/ A1605<\/p>\n","protected":false},"featured_media":13277,"template":"","meta":[],"product_brand":[],"product_cat":[25],"product_tag":[98,95],"class_list":{"0":"post-13276","1":"product","2":"type-product","3":"status-publish","4":"has-post-thumbnail","6":"product_cat-trodlerware","7":"product_tag-buch","8":"product_tag-eisenbahnbuch","10":"first","11":"instock","12":"shipping-taxable","13":"purchasable","14":"product-type-simple"},"_links":{"self":[{"href":"https:\/\/salms.ch\/index.php?rest_route=\/wp\/v2\/product\/13276","targetHints":{"allow":["GET"]}}],"collection":[{"href":"https:\/\/salms.ch\/index.php?rest_route=\/wp\/v2\/product"}],"about":[{"href":"https:\/\/salms.ch\/index.php?rest_route=\/wp\/v2\/types\/product"}],"wp:featuredmedia":[{"embeddable":true,"href":"https:\/\/salms.ch\/index.php?rest_route=\/wp\/v2\/media\/13277"}],"wp:attachment":[{"href":"https:\/\/salms.ch\/index.php?rest_route=%2Fwp%2Fv2%2Fmedia&parent=13276"}],"wp:term":[{"taxonomy":"product_brand","embeddable":true,"href":"https:\/\/salms.ch\/index.php?rest_route=%2Fwp%2Fv2%2Fproduct_brand&post=13276"},{"taxonomy":"product_cat","embeddable":true,"href":"https:\/\/salms.ch\/index.php?rest_route=%2Fwp%2Fv2%2Fproduct_cat&post=13276"},{"taxonomy":"product_tag","embeddable":true,"href":"https:\/\/salms.ch\/index.php?rest_route=%2Fwp%2Fv2%2Fproduct_tag&post=13276"}],"curies":[{"name":"wp","href":"https:\/\/api.w.org\/{rel}","templated":true}]}}