{"id":17240,"date":"2023-02-03T16:43:28","date_gmt":"2023-02-03T15:43:28","guid":{"rendered":"https:\/\/salms.ch\/?post_type=product&#038;p=17240"},"modified":"2024-01-24T22:48:40","modified_gmt":"2024-01-24T21:48:40","slug":"lgb-16050-elektroweiche-rechts-r3-440mm","status":"publish","type":"product","link":"https:\/\/salms.ch\/?product=lgb-16050-elektroweiche-rechts-r3-440mm","title":{"rendered":"LGB-16050, Elektroweiche rechts, R3, 440mm"},"content":{"rendered":"<p><span style=\"font-size: 12pt;\">LGB-16050, Elektroweiche rechts, R3, 440mm<br \/>\n&#8211; Bogen 22.5\u00b0, gebraucht, L\u00f6tspuren, Befestigungsl\u00f6cher, aus R\u00fcckbau von Aussenanlage<br \/>\n&#8211; Schiene, Spur G, Modelleisenbahn, Gartenbahn<\/span><\/p>\n","protected":false},"excerpt":{"rendered":"<p>300165 \/ A1709-L201<\/p>\n","protected":false},"featured_media":17241,"template":"","meta":[],"product_brand":[],"product_cat":[24],"product_tag":[54,305,51,52,304,53],"class_list":{"0":"post-17240","1":"product","2":"type-product","3":"status-publish","4":"has-post-thumbnail","6":"product_cat-modelleisenbahnen","7":"product_tag-gartenbahn","8":"product_tag-gleise","9":"product_tag-lgb","10":"product_tag-modelleisenbahn","11":"product_tag-schienen","12":"product_tag-spur-g","14":"first","15":"instock","16":"shipping-taxable","17":"purchasable","18":"product-type-simple"},"_links":{"self":[{"href":"https:\/\/salms.ch\/index.php?rest_route=\/wp\/v2\/product\/17240","targetHints":{"allow":["GET"]}}],"collection":[{"href":"https:\/\/salms.ch\/index.php?rest_route=\/wp\/v2\/product"}],"about":[{"href":"https:\/\/salms.ch\/index.php?rest_route=\/wp\/v2\/types\/product"}],"wp:featuredmedia":[{"embeddable":true,"href":"https:\/\/salms.ch\/index.php?rest_route=\/wp\/v2\/media\/17241"}],"wp:attachment":[{"href":"https:\/\/salms.ch\/index.php?rest_route=%2Fwp%2Fv2%2Fmedia&parent=17240"}],"wp:term":[{"taxonomy":"product_brand","embeddable":true,"href":"https:\/\/salms.ch\/index.php?rest_route=%2Fwp%2Fv2%2Fproduct_brand&post=17240"},{"taxonomy":"product_cat","embeddable":true,"href":"https:\/\/salms.ch\/index.php?rest_route=%2Fwp%2Fv2%2Fproduct_cat&post=17240"},{"taxonomy":"product_tag","embeddable":true,"href":"https:\/\/salms.ch\/index.php?rest_route=%2Fwp%2Fv2%2Fproduct_tag&post=17240"}],"curies":[{"name":"wp","href":"https:\/\/api.w.org\/{rel}","templated":true}]}}