{"id":17257,"date":"2023-02-05T11:41:57","date_gmt":"2023-02-05T10:41:57","guid":{"rendered":"https:\/\/salms.ch\/?post_type=product&#038;p=17257"},"modified":"2024-01-24T22:27:06","modified_gmt":"2024-01-24T21:27:06","slug":"lgb-16000-gleis-gebogen-r3","status":"publish","type":"product","link":"https:\/\/salms.ch\/?product=lgb-16000-gleis-gebogen-r3","title":{"rendered":"LGB-16000, Gleis gebogen, R3"},"content":{"rendered":"<p><span style=\"font-size: 12pt;\">LGB-16000, Gleis gebogen, R3<br \/>\n&#8211; 22.5\u00b0, 12 St\u00fcck = Kreis<br \/>\n&#8211; gebraucht, L\u00f6tspuren, Befestigungsl\u00f6cher, aus R\u00fcckbau von Aussenanlage<br \/>\n&#8211; Schienen, Spur G, Modelleisenbahn, Gartenbahn<\/span><\/p>\n","protected":false},"excerpt":{"rendered":"<p>300184 \/ A1708-L201<\/p>\n","protected":false},"featured_media":17258,"template":"","meta":[],"product_brand":[],"product_cat":[24],"product_tag":[54,51,304,53],"class_list":{"0":"post-17257","1":"product","2":"type-product","3":"status-publish","4":"has-post-thumbnail","6":"product_cat-modelleisenbahnen","7":"product_tag-gartenbahn","8":"product_tag-lgb","9":"product_tag-schienen","10":"product_tag-spur-g","12":"first","13":"instock","14":"shipping-taxable","15":"purchasable","16":"product-type-simple"},"_links":{"self":[{"href":"https:\/\/salms.ch\/index.php?rest_route=\/wp\/v2\/product\/17257","targetHints":{"allow":["GET"]}}],"collection":[{"href":"https:\/\/salms.ch\/index.php?rest_route=\/wp\/v2\/product"}],"about":[{"href":"https:\/\/salms.ch\/index.php?rest_route=\/wp\/v2\/types\/product"}],"wp:featuredmedia":[{"embeddable":true,"href":"https:\/\/salms.ch\/index.php?rest_route=\/wp\/v2\/media\/17258"}],"wp:attachment":[{"href":"https:\/\/salms.ch\/index.php?rest_route=%2Fwp%2Fv2%2Fmedia&parent=17257"}],"wp:term":[{"taxonomy":"product_brand","embeddable":true,"href":"https:\/\/salms.ch\/index.php?rest_route=%2Fwp%2Fv2%2Fproduct_brand&post=17257"},{"taxonomy":"product_cat","embeddable":true,"href":"https:\/\/salms.ch\/index.php?rest_route=%2Fwp%2Fv2%2Fproduct_cat&post=17257"},{"taxonomy":"product_tag","embeddable":true,"href":"https:\/\/salms.ch\/index.php?rest_route=%2Fwp%2Fv2%2Fproduct_tag&post=17257"}],"curies":[{"name":"wp","href":"https:\/\/api.w.org\/{rel}","templated":true}]}}