{"id":17274,"date":"2023-02-07T19:18:37","date_gmt":"2023-02-07T18:18:37","guid":{"rendered":"https:\/\/salms.ch\/?post_type=product&#038;p=17274"},"modified":"2024-01-25T11:33:58","modified_gmt":"2024-01-25T10:33:58","slug":"lgb-67267-ersatz-schleifraeder-fuer-20670","status":"publish","type":"product","link":"https:\/\/salms.ch\/?product=lgb-67267-ersatz-schleifraeder-fuer-20670","title":{"rendered":"LGB-67267, Ersatz-Schleifr\u00e4der f\u00fcr 20670"},"content":{"rendered":"<p><span style=\"font-size: 12pt;\">LGB-67267, Ersatz-Schleifr\u00e4der f\u00fcr 20670<br \/>\n&#8211; F\u00fcr Schienenreinigungslok, je 2 Reinigungsr\u00e4der, Spurkr\u00e4nze, Unterlegscheiben, neu<br \/>\n&#8211; Spur G, Modelleisenbahn, Gartenbahn<\/span><\/p>\n","protected":false},"excerpt":{"rendered":"<p>300188 \/ A1711-L201<\/p>\n","protected":false},"featured_media":17275,"template":"","meta":[],"product_brand":[],"product_cat":[24],"product_tag":[54,51,310,53,321],"class_list":{"0":"post-17274","1":"product","2":"type-product","3":"status-publish","4":"has-post-thumbnail","6":"product_cat-modelleisenbahnen","7":"product_tag-gartenbahn","8":"product_tag-lgb","9":"product_tag-raeder","10":"product_tag-spur-g","11":"product_tag-zubehoer","13":"first","14":"instock","15":"shipping-taxable","16":"purchasable","17":"product-type-simple"},"_links":{"self":[{"href":"https:\/\/salms.ch\/index.php?rest_route=\/wp\/v2\/product\/17274","targetHints":{"allow":["GET"]}}],"collection":[{"href":"https:\/\/salms.ch\/index.php?rest_route=\/wp\/v2\/product"}],"about":[{"href":"https:\/\/salms.ch\/index.php?rest_route=\/wp\/v2\/types\/product"}],"wp:featuredmedia":[{"embeddable":true,"href":"https:\/\/salms.ch\/index.php?rest_route=\/wp\/v2\/media\/17275"}],"wp:attachment":[{"href":"https:\/\/salms.ch\/index.php?rest_route=%2Fwp%2Fv2%2Fmedia&parent=17274"}],"wp:term":[{"taxonomy":"product_brand","embeddable":true,"href":"https:\/\/salms.ch\/index.php?rest_route=%2Fwp%2Fv2%2Fproduct_brand&post=17274"},{"taxonomy":"product_cat","embeddable":true,"href":"https:\/\/salms.ch\/index.php?rest_route=%2Fwp%2Fv2%2Fproduct_cat&post=17274"},{"taxonomy":"product_tag","embeddable":true,"href":"https:\/\/salms.ch\/index.php?rest_route=%2Fwp%2Fv2%2Fproduct_tag&post=17274"}],"curies":[{"name":"wp","href":"https:\/\/api.w.org\/{rel}","templated":true}]}}