{"id":19059,"date":"2024-01-06T11:33:19","date_gmt":"2024-01-06T10:33:19","guid":{"rendered":"https:\/\/salms.ch\/?post_type=product&#038;p=19059"},"modified":"2024-01-06T11:43:17","modified_gmt":"2024-01-06T10:43:17","slug":"za-wildlife-wildtiere","status":"publish","type":"product","link":"https:\/\/salms.ch\/?product=za-wildlife-wildtiere","title":{"rendered":"ZA, Wildlife, Wildtiere"},"content":{"rendered":"<p><span style=\"font-size: 12pt;\">ZA, Wildlife, Wildtiere<br \/>\n&#8211; Rs: Durban Johannisburg, beschrieben, Stempel 11.10.17<br \/>\n<\/span><span style=\"font-size: 12pt;\">&#8211; Postkarte farbig, L\u00f6we, Tiger, Seepferde, Zebra, Elefant, Nash\u00f6rner, S\u00fcdafrika<br \/>\n&#8211; Bei 15cm gefalten<\/span><\/p>\n","protected":false},"excerpt":{"rendered":"<p>700463 \/ A2916<\/p>\n","protected":false},"featured_media":19060,"template":"","meta":[],"product_brand":[],"product_cat":[311],"product_tag":[],"class_list":{"0":"post-19059","1":"product","2":"type-product","3":"status-publish","4":"has-post-thumbnail","6":"product_cat-postkarten-ansichtskarten","8":"first","9":"instock","10":"shipping-taxable","11":"purchasable","12":"product-type-simple"},"_links":{"self":[{"href":"https:\/\/salms.ch\/index.php?rest_route=\/wp\/v2\/product\/19059","targetHints":{"allow":["GET"]}}],"collection":[{"href":"https:\/\/salms.ch\/index.php?rest_route=\/wp\/v2\/product"}],"about":[{"href":"https:\/\/salms.ch\/index.php?rest_route=\/wp\/v2\/types\/product"}],"wp:featuredmedia":[{"embeddable":true,"href":"https:\/\/salms.ch\/index.php?rest_route=\/wp\/v2\/media\/19060"}],"wp:attachment":[{"href":"https:\/\/salms.ch\/index.php?rest_route=%2Fwp%2Fv2%2Fmedia&parent=19059"}],"wp:term":[{"taxonomy":"product_brand","embeddable":true,"href":"https:\/\/salms.ch\/index.php?rest_route=%2Fwp%2Fv2%2Fproduct_brand&post=19059"},{"taxonomy":"product_cat","embeddable":true,"href":"https:\/\/salms.ch\/index.php?rest_route=%2Fwp%2Fv2%2Fproduct_cat&post=19059"},{"taxonomy":"product_tag","embeddable":true,"href":"https:\/\/salms.ch\/index.php?rest_route=%2Fwp%2Fv2%2Fproduct_tag&post=19059"}],"curies":[{"name":"wp","href":"https:\/\/api.w.org\/{rel}","templated":true}]}}