{"id":305,"date":"2022-11-25T10:19:31","date_gmt":"2022-11-25T09:19:31","guid":{"rendered":"https:\/\/wordpress.salms.ch\/?product=fisch-brauncreme-keramik"},"modified":"2024-01-27T22:14:15","modified_gmt":"2024-01-27T21:14:15","slug":"fisch-braun-creme-keramik","status":"publish","type":"product","link":"https:\/\/salms.ch\/?product=fisch-braun-creme-keramik","title":{"rendered":"Fisch, braun\/cr\u00e8me, Keramik"},"content":{"rendered":"<p><span style=\"font-size: 12pt;\">Fisch, braun\/cr\u00e8me, Keramik<br \/>\n&#8211; mit Pr\u00e4gung, sch\u00f6nes Dekost\u00fcck<br \/>\n&#8211; leichte Reparaturstellen, Tr\u00f6dlerware<\/span><\/p>\n","protected":false},"excerpt":{"rendered":"<p>100051 \/ A1601-L101<\/p>\n","protected":false},"featured_media":306,"template":"","meta":[],"product_brand":[],"product_cat":[25],"product_tag":[46,44],"class_list":{"0":"post-305","1":"product","2":"type-product","3":"status-publish","4":"has-post-thumbnail","6":"product_cat-trodlerware","7":"product_tag-deko","8":"product_tag-keramik","10":"first","11":"instock","12":"shipping-taxable","13":"purchasable","14":"product-type-simple"},"_links":{"self":[{"href":"https:\/\/salms.ch\/index.php?rest_route=\/wp\/v2\/product\/305","targetHints":{"allow":["GET"]}}],"collection":[{"href":"https:\/\/salms.ch\/index.php?rest_route=\/wp\/v2\/product"}],"about":[{"href":"https:\/\/salms.ch\/index.php?rest_route=\/wp\/v2\/types\/product"}],"wp:featuredmedia":[{"embeddable":true,"href":"https:\/\/salms.ch\/index.php?rest_route=\/wp\/v2\/media\/306"}],"wp:attachment":[{"href":"https:\/\/salms.ch\/index.php?rest_route=%2Fwp%2Fv2%2Fmedia&parent=305"}],"wp:term":[{"taxonomy":"product_brand","embeddable":true,"href":"https:\/\/salms.ch\/index.php?rest_route=%2Fwp%2Fv2%2Fproduct_brand&post=305"},{"taxonomy":"product_cat","embeddable":true,"href":"https:\/\/salms.ch\/index.php?rest_route=%2Fwp%2Fv2%2Fproduct_cat&post=305"},{"taxonomy":"product_tag","embeddable":true,"href":"https:\/\/salms.ch\/index.php?rest_route=%2Fwp%2Fv2%2Fproduct_tag&post=305"}],"curies":[{"name":"wp","href":"https:\/\/api.w.org\/{rel}","templated":true}]}}