{"id":379,"date":"2022-11-26T17:41:00","date_gmt":"2022-11-26T16:41:00","guid":{"rendered":"https:\/\/wordpress.salms.ch\/?product=lgb-3020-postwagen"},"modified":"2024-01-23T16:24:25","modified_gmt":"2024-01-23T15:24:25","slug":"lgb-3020-postwagen","status":"publish","type":"product","link":"https:\/\/salms.ch\/?product=lgb-3020-postwagen","title":{"rendered":"LGB-3020, Postwagen"},"content":{"rendered":"<p><span style=\"font-size: 12pt;\">LGB-3020, Postwagen<br \/>\n&#8211; G\u00fcterwagen, 2 Schiebet\u00fcren, Bremsb\u00fchne, gr\u00fcn, 2 Achsen<br \/>\n&#8211; Originalschachtel<br \/>\n&#8211; Spur G, Modelleisenbahn, Gartenbahn<\/span><\/p>\n","protected":false},"excerpt":{"rendered":"<p>300095 \/ A1705-L201<\/p>\n","protected":false},"featured_media":380,"template":"","meta":[],"product_brand":[],"product_cat":[24],"product_tag":[54,72,51,52,53],"class_list":{"0":"post-379","1":"product","2":"type-product","3":"status-publish","4":"has-post-thumbnail","6":"product_cat-modelleisenbahnen","7":"product_tag-gartenbahn","8":"product_tag-gueterwagen","9":"product_tag-lgb","10":"product_tag-modelleisenbahn","11":"product_tag-spur-g","13":"first","14":"instock","15":"shipping-taxable","16":"purchasable","17":"product-type-simple"},"_links":{"self":[{"href":"https:\/\/salms.ch\/index.php?rest_route=\/wp\/v2\/product\/379","targetHints":{"allow":["GET"]}}],"collection":[{"href":"https:\/\/salms.ch\/index.php?rest_route=\/wp\/v2\/product"}],"about":[{"href":"https:\/\/salms.ch\/index.php?rest_route=\/wp\/v2\/types\/product"}],"wp:featuredmedia":[{"embeddable":true,"href":"https:\/\/salms.ch\/index.php?rest_route=\/wp\/v2\/media\/380"}],"wp:attachment":[{"href":"https:\/\/salms.ch\/index.php?rest_route=%2Fwp%2Fv2%2Fmedia&parent=379"}],"wp:term":[{"taxonomy":"product_brand","embeddable":true,"href":"https:\/\/salms.ch\/index.php?rest_route=%2Fwp%2Fv2%2Fproduct_brand&post=379"},{"taxonomy":"product_cat","embeddable":true,"href":"https:\/\/salms.ch\/index.php?rest_route=%2Fwp%2Fv2%2Fproduct_cat&post=379"},{"taxonomy":"product_tag","embeddable":true,"href":"https:\/\/salms.ch\/index.php?rest_route=%2Fwp%2Fv2%2Fproduct_tag&post=379"}],"curies":[{"name":"wp","href":"https:\/\/api.w.org\/{rel}","templated":true}]}}